{"id":673,"date":"2011-09-14T17:32:19","date_gmt":"2011-09-14T17:32:19","guid":{"rendered":"http:\/\/kareemcarts.com\/cart\/?page_id=673"},"modified":"2014-10-18T12:35:31","modified_gmt":"2014-10-18T19:35:31","slug":"espanol","status":"publish","type":"page","link":"https:\/\/kareemcarts.com\/cart\/espanol\/","title":{"rendered":"Espanol"},"content":{"rendered":"<h1>Espanol<\/h1>\n<p>En Kareem Carts hablamos su idioma. Para su conveniencia contamos con personal biling\u00fce para asistirlo de una mejor manera.<\/p>\n<p><a href=\"https:\/\/i0.wp.com\/kareemcarts.com\/cart\/wp-content\/uploads\/2011\/09\/comidamexicana.jpg\"><img data-recalc-dims=\"1\" loading=\"lazy\" decoding=\"async\" class=\"size-medium wp-image-749 alignleft\" title=\"comidamexicana\" src=\"https:\/\/i0.wp.com\/kareemcarts.com\/cart\/wp-content\/uploads\/2011\/09\/comidamexicana-300x185.jpg?resize=300%2C185\" alt=\"\" width=\"300\" height=\"185\" srcset=\"https:\/\/i0.wp.com\/kareemcarts.com\/cart\/wp-content\/uploads\/2011\/09\/comidamexicana.jpg?resize=300%2C185&amp;ssl=1 300w, https:\/\/i0.wp.com\/kareemcarts.com\/cart\/wp-content\/uploads\/2011\/09\/comidamexicana.jpg?w=550&amp;ssl=1 550w\" sizes=\"auto, (max-width: 300px) 100vw, 300px\" \/><\/a><\/p>\n<p><strong>Bienvenidos<\/strong><\/p>\n<p>Gracias por visitar nuestro sitio. A continuaci\u00f3n usted podra encontrar una gran variedad de carros y camiones de comida ambulante que hemos construido a trav\u00e9s\u00a0 de los a\u00f1os y que le pueden servir de ejemplo de la diversidad de nuestros productos y de nuestra capacidad para fabricar el carro que usted siempre ha querido.<\/p>\n<p>En Kareem Carts nos esforzamos cada d\u00eda para ofrecerle carros de calidad a precios competitivos en los que usted puede confiar. Nosotros entendemos la necesidad de la comunidad hispano parlante y sabemos que tan importante es obtener un carro de comida ambulante en el que usted puede confiar.<\/p>\n<p>Es cierto, existen muchos carros baratos construidos en casa o en lugares que no cuentan con la licencia para fabricarlos. Sin embargo el resultado puede ser fatal si no construye un carro con los requerimientos necesarios para la seguridad del vendedor y de los clientes. En Kareem Carts, solo construimos carros de calidad que son 100% aprobados por el departamento de salubridad en cada ciudad de Estados Unidos al momento de la entrega al comprador original por primera vez. (Compradores secundarios no son cubiertos por esta garantia y estan sujetos a las leyes cambiantes de cada condado y pudiera ser necesaria la modificacion y papeleo para su aprobacion por el departamento de salubridad)<\/p>\n<p>Al comprar un carro en Kareem Carts, usted puede estar seguro que invierte su dinero en algo positivo que a la larga le traer\u00e1 ganancias y recuperara su inversi\u00f3n.<\/p>\n<p>Construimos los carros solo con materiales de primera calidad, para asegurarnos que su carro sea \u00fatil y cubra sus necesidades.<\/p>\n<p><strong>En Kareem Carts Contamos con varios estilos de carros para su conveniencia.<\/strong><\/p>\n<ul>\n<li>Hot Dogs<\/li>\n<li>De Frutas<\/li>\n<li>De Tacos<\/li>\n<li>De Quesadillas<\/li>\n<li>Etc\u00e9tera<\/li>\n<\/ul>\n<p><strong>Los carros que ofrecemos vienen en diferentes tipos:<\/strong><\/p>\n<ul>\n<li>Estilo remolque<\/li>\n<li>De empujar<\/li>\n<li>Y Camiones<\/li>\n<\/ul>\n<p>Le invitamos que visite nuestra instalaciones para a ver los carros construidos que tenemos en nuestra \u00e1rea de demostraciones. Aunque recuerde que la construcci\u00f3n de carro comienza una vez que usted lo ordena, ya que los carros est\u00e1n hechos a su gusto.<\/p>\n<hr \/>\n<p><strong><a href=\"https:\/\/i0.wp.com\/kareemcarts.com\/cart\/wp-content\/uploads\/2011\/09\/financiamiento.png\" rel=\"lightbox\"><img data-recalc-dims=\"1\" loading=\"lazy\" decoding=\"async\" class=\"size-medium wp-image-2102 alignnone\" title=\"financiamiento\" src=\"https:\/\/i0.wp.com\/kareemcarts.com\/cart\/wp-content\/uploads\/2011\/09\/financiamiento-300x87.png?resize=300%2C87\" alt=\"\" width=\"300\" height=\"87\" srcset=\"https:\/\/i0.wp.com\/kareemcarts.com\/cart\/wp-content\/uploads\/2011\/09\/financiamiento.png?resize=300%2C87&amp;ssl=1 300w, https:\/\/i0.wp.com\/kareemcarts.com\/cart\/wp-content\/uploads\/2011\/09\/financiamiento.png?w=917&amp;ssl=1 917w\" sizes=\"auto, (max-width: 300px) 100vw, 300px\" \/><\/a><\/strong><\/p>\n<p><strong>Financiamiento<\/strong><\/p>\n<p>Para su conveniencia trabajamos con diferentes companias de prestamos y arrendamientos para ayudarle a financear su compra con nosotros.<\/p>\n<p>&nbsp;<\/p>\n<p><script type=\"text\/javascript\">\/\/ < ![CDATA[\n\/\/ < ![CDATA[\n\/\/ < ![CDATA[ google_ad_client = \"ca-pub-5974605901192896\"; \/* Bottom Banner *\/ google_ad_slot = \"4814113532\"; google_ad_width = 468; google_ad_height = 60;\n\/\/ ]]><\/script><br \/>\n<script src=\"http:\/\/pagead2.googlesyndication.com\/pagead\/show_ads.js\" type=\"text\/javascript\">\/\/ < ![CDATA[\n\/\/ < ![CDATA[\n\/\/ < ![CDATA[\n\/\/ ]]><\/script><\/p>\n","protected":false},"excerpt":{"rendered":"<p>Espanol <\/p>\n<p>En Kareem Carts hablamos su idioma. Para su conveniencia contamos con personal biling\u00fce para asistirlo de una mejor manera.<\/p>\n<p><img data-recalc-dims=\"1\" loading=\"lazy\" decoding=\"async\" class=\"size-medium wp-image-749 alignleft\" title=\"comidamexicana\" src=\"https:\/\/i0.wp.com\/kareemcarts.com\/cart\/wp-content\/uploads\/2011\/09\/comidamexicana-300x185.jpg?resize=300%2C185\" alt=\"\" width=\"300\" height=\"185\" srcset=\"https:\/\/i0.wp.com\/kareemcarts.com\/cart\/wp-content\/uploads\/2011\/09\/comidamexicana.jpg?resize=300%2C185&amp;ssl=1 300w, https:\/\/i0.wp.com\/kareemcarts.com\/cart\/wp-content\/uploads\/2011\/09\/comidamexicana.jpg?w=550&amp;ssl=1 550w\" sizes=\"auto, (max-width: 300px) 100vw, 300px\" \/><\/p>\n<p><strong>Bienvenidos<\/strong><\/p>\n<p>Gracias por visitar nuestro sitio. A continuaci\u00f3n usted podra encontrar una gran variedad de carros y camiones de comida ambulante que hemos construido a trav\u00e9s\u00a0 de los a\u00f1os y que le pueden servir de ejemplo de la diversidad de nuestros productos y de nuestra capacidad para fabricar el carro que usted siempre ha querido.<\/p>\n<p>En Kareem Carts nos esforzamos cada d\u00eda para ofrecerle carros de calidad a precios competitivos en los que usted puede confiar. Nosotros entendemos la necesidad de la comunidad hispano parlante y sabemos que tan importante es obtener un carro de comida ambulante en el que usted puede confiar.<\/p>\n<p>Es cierto, existen muchos carros baratos construidos en casa o [&#8230;]<\/p>\n","protected":false},"author":1,"featured_media":749,"parent":0,"menu_order":0,"comment_status":"closed","ping_status":"closed","template":"","meta":{"footnotes":""},"class_list":["post-673","page","type-page","status-publish","has-post-thumbnail","hentry"],"yoast_head":"<!-- This site is optimized with the Yoast SEO plugin v27.3 - https:\/\/yoast.com\/product\/yoast-seo-wordpress\/ -->\n<title>Kareem Carts - Espanol<\/title>\n<meta name=\"description\" content=\"En Kareem Carts hablamos su espanol. Para su conveniencia contamos con personal biling\u00fce para asistirlo de una mejor manera.\" \/>\n<meta name=\"robots\" content=\"index, follow, max-snippet:-1, max-image-preview:large, max-video-preview:-1\" \/>\n<link rel=\"canonical\" href=\"https:\/\/kareemcarts.com\/cart\/espanol\/\" \/>\n<meta property=\"og:locale\" content=\"en_US\" \/>\n<meta property=\"og:type\" content=\"article\" \/>\n<meta property=\"og:title\" content=\"Kareem Carts - Espanol\" \/>\n<meta property=\"og:description\" content=\"En Kareem Carts hablamos su espanol. Para su conveniencia contamos con personal biling\u00fce para asistirlo de una mejor manera.\" \/>\n<meta property=\"og:url\" content=\"https:\/\/kareemcarts.com\/cart\/espanol\/\" \/>\n<meta property=\"og:site_name\" content=\"Kareem Carts Commissary and Food Truck Manufacturer\" \/>\n<meta property=\"article:publisher\" content=\"https:\/\/www.facebook.com\/kareemcart\" \/>\n<meta property=\"article:modified_time\" content=\"2014-10-18T19:35:31+00:00\" \/>\n<meta property=\"og:image\" content=\"https:\/\/i0.wp.com\/kareemcarts.com\/cart\/wp-content\/uploads\/2011\/09\/comidamexicana.jpg?fit=550%2C340&ssl=1\" \/>\n\t<meta property=\"og:image:width\" content=\"550\" \/>\n\t<meta property=\"og:image:height\" content=\"340\" \/>\n\t<meta property=\"og:image:type\" content=\"image\/jpeg\" \/>\n<meta name=\"twitter:card\" content=\"summary_large_image\" \/>\n<meta name=\"twitter:site\" content=\"@kareemcarts\" \/>\n<meta name=\"twitter:label1\" content=\"Est. reading time\" \/>\n\t<meta name=\"twitter:data1\" content=\"2 minutes\" \/>\n<script type=\"application\/ld+json\" class=\"yoast-schema-graph\">{\"@context\":\"https:\\\/\\\/schema.org\",\"@graph\":[{\"@type\":\"WebPage\",\"@id\":\"https:\\\/\\\/kareemcarts.com\\\/cart\\\/espanol\\\/\",\"url\":\"https:\\\/\\\/kareemcarts.com\\\/cart\\\/espanol\\\/\",\"name\":\"Kareem Carts - Espanol\",\"isPartOf\":{\"@id\":\"https:\\\/\\\/kareemcarts.com\\\/cart\\\/#website\"},\"primaryImageOfPage\":{\"@id\":\"https:\\\/\\\/kareemcarts.com\\\/cart\\\/espanol\\\/#primaryimage\"},\"image\":{\"@id\":\"https:\\\/\\\/kareemcarts.com\\\/cart\\\/espanol\\\/#primaryimage\"},\"thumbnailUrl\":\"https:\\\/\\\/i0.wp.com\\\/kareemcarts.com\\\/cart\\\/wp-content\\\/uploads\\\/2011\\\/09\\\/comidamexicana.jpg?fit=550%2C340&ssl=1\",\"datePublished\":\"2011-09-14T17:32:19+00:00\",\"dateModified\":\"2014-10-18T19:35:31+00:00\",\"description\":\"En Kareem Carts hablamos su espanol. Para su conveniencia contamos con personal biling\u00fce para asistirlo de una mejor manera.\",\"breadcrumb\":{\"@id\":\"https:\\\/\\\/kareemcarts.com\\\/cart\\\/espanol\\\/#breadcrumb\"},\"inLanguage\":\"en-US\",\"potentialAction\":[{\"@type\":\"ReadAction\",\"target\":[\"https:\\\/\\\/kareemcarts.com\\\/cart\\\/espanol\\\/\"]}]},{\"@type\":\"ImageObject\",\"inLanguage\":\"en-US\",\"@id\":\"https:\\\/\\\/kareemcarts.com\\\/cart\\\/espanol\\\/#primaryimage\",\"url\":\"https:\\\/\\\/i0.wp.com\\\/kareemcarts.com\\\/cart\\\/wp-content\\\/uploads\\\/2011\\\/09\\\/comidamexicana.jpg?fit=550%2C340&ssl=1\",\"contentUrl\":\"https:\\\/\\\/i0.wp.com\\\/kareemcarts.com\\\/cart\\\/wp-content\\\/uploads\\\/2011\\\/09\\\/comidamexicana.jpg?fit=550%2C340&ssl=1\",\"width\":\"550\",\"height\":\"340\"},{\"@type\":\"BreadcrumbList\",\"@id\":\"https:\\\/\\\/kareemcarts.com\\\/cart\\\/espanol\\\/#breadcrumb\",\"itemListElement\":[{\"@type\":\"ListItem\",\"position\":1,\"name\":\"Home\",\"item\":\"https:\\\/\\\/kareemcarts.com\\\/cart\\\/\"},{\"@type\":\"ListItem\",\"position\":2,\"name\":\"Espanol\"}]},{\"@type\":\"WebSite\",\"@id\":\"https:\\\/\\\/kareemcarts.com\\\/cart\\\/#website\",\"url\":\"https:\\\/\\\/kareemcarts.com\\\/cart\\\/\",\"name\":\"Kareem Carts Commissary &amp; Manufacturing, Co.\",\"description\":\"Food truck manufacturer in Los Angeles California, USA\",\"publisher\":{\"@id\":\"https:\\\/\\\/kareemcarts.com\\\/cart\\\/#organization\"},\"potentialAction\":[{\"@type\":\"SearchAction\",\"target\":{\"@type\":\"EntryPoint\",\"urlTemplate\":\"https:\\\/\\\/kareemcarts.com\\\/cart\\\/?s={search_term_string}\"},\"query-input\":{\"@type\":\"PropertyValueSpecification\",\"valueRequired\":true,\"valueName\":\"search_term_string\"}}],\"inLanguage\":\"en-US\"},{\"@type\":\"Organization\",\"@id\":\"https:\\\/\\\/kareemcarts.com\\\/cart\\\/#organization\",\"name\":\"Kareem Carts Manufacturing & Commissary\",\"url\":\"https:\\\/\\\/kareemcarts.com\\\/cart\\\/\",\"logo\":{\"@type\":\"ImageObject\",\"inLanguage\":\"en-US\",\"@id\":\"https:\\\/\\\/kareemcarts.com\\\/cart\\\/#\\\/schema\\\/logo\\\/image\\\/\",\"url\":\"https:\\\/\\\/i1.wp.com\\\/kareemcarts.com\\\/cart\\\/wp-content\\\/uploads\\\/2014\\\/10\\\/transparent-small-logo.png?fit=150%2C40&ssl=1\",\"contentUrl\":\"https:\\\/\\\/i1.wp.com\\\/kareemcarts.com\\\/cart\\\/wp-content\\\/uploads\\\/2014\\\/10\\\/transparent-small-logo.png?fit=150%2C40&ssl=1\",\"width\":150,\"height\":40,\"caption\":\"Kareem Carts Manufacturing & Commissary\"},\"image\":{\"@id\":\"https:\\\/\\\/kareemcarts.com\\\/cart\\\/#\\\/schema\\\/logo\\\/image\\\/\"},\"sameAs\":[\"https:\\\/\\\/www.facebook.com\\\/kareemcart\",\"https:\\\/\\\/x.com\\\/kareemcarts\",\"https:\\\/\\\/www.youtube.com\\\/user\\\/kareemcarts\"]}]}<\/script>\n<!-- \/ Yoast SEO plugin. -->","yoast_head_json":{"title":"Kareem Carts - Espanol","description":"En Kareem Carts hablamos su espanol. Para su conveniencia contamos con personal biling\u00fce para asistirlo de una mejor manera.","robots":{"index":"index","follow":"follow","max-snippet":"max-snippet:-1","max-image-preview":"max-image-preview:large","max-video-preview":"max-video-preview:-1"},"canonical":"https:\/\/kareemcarts.com\/cart\/espanol\/","og_locale":"en_US","og_type":"article","og_title":"Kareem Carts - Espanol","og_description":"En Kareem Carts hablamos su espanol. Para su conveniencia contamos con personal biling\u00fce para asistirlo de una mejor manera.","og_url":"https:\/\/kareemcarts.com\/cart\/espanol\/","og_site_name":"Kareem Carts Commissary and Food Truck Manufacturer","article_publisher":"https:\/\/www.facebook.com\/kareemcart","article_modified_time":"2014-10-18T19:35:31+00:00","og_image":[{"width":550,"height":340,"url":"https:\/\/i0.wp.com\/kareemcarts.com\/cart\/wp-content\/uploads\/2011\/09\/comidamexicana.jpg?fit=550%2C340&ssl=1","type":"image\/jpeg"}],"twitter_card":"summary_large_image","twitter_site":"@kareemcarts","twitter_misc":{"Est. reading time":"2 minutes"},"schema":{"@context":"https:\/\/schema.org","@graph":[{"@type":"WebPage","@id":"https:\/\/kareemcarts.com\/cart\/espanol\/","url":"https:\/\/kareemcarts.com\/cart\/espanol\/","name":"Kareem Carts - Espanol","isPartOf":{"@id":"https:\/\/kareemcarts.com\/cart\/#website"},"primaryImageOfPage":{"@id":"https:\/\/kareemcarts.com\/cart\/espanol\/#primaryimage"},"image":{"@id":"https:\/\/kareemcarts.com\/cart\/espanol\/#primaryimage"},"thumbnailUrl":"https:\/\/i0.wp.com\/kareemcarts.com\/cart\/wp-content\/uploads\/2011\/09\/comidamexicana.jpg?fit=550%2C340&ssl=1","datePublished":"2011-09-14T17:32:19+00:00","dateModified":"2014-10-18T19:35:31+00:00","description":"En Kareem Carts hablamos su espanol. Para su conveniencia contamos con personal biling\u00fce para asistirlo de una mejor manera.","breadcrumb":{"@id":"https:\/\/kareemcarts.com\/cart\/espanol\/#breadcrumb"},"inLanguage":"en-US","potentialAction":[{"@type":"ReadAction","target":["https:\/\/kareemcarts.com\/cart\/espanol\/"]}]},{"@type":"ImageObject","inLanguage":"en-US","@id":"https:\/\/kareemcarts.com\/cart\/espanol\/#primaryimage","url":"https:\/\/i0.wp.com\/kareemcarts.com\/cart\/wp-content\/uploads\/2011\/09\/comidamexicana.jpg?fit=550%2C340&ssl=1","contentUrl":"https:\/\/i0.wp.com\/kareemcarts.com\/cart\/wp-content\/uploads\/2011\/09\/comidamexicana.jpg?fit=550%2C340&ssl=1","width":"550","height":"340"},{"@type":"BreadcrumbList","@id":"https:\/\/kareemcarts.com\/cart\/espanol\/#breadcrumb","itemListElement":[{"@type":"ListItem","position":1,"name":"Home","item":"https:\/\/kareemcarts.com\/cart\/"},{"@type":"ListItem","position":2,"name":"Espanol"}]},{"@type":"WebSite","@id":"https:\/\/kareemcarts.com\/cart\/#website","url":"https:\/\/kareemcarts.com\/cart\/","name":"Kareem Carts Commissary &amp; Manufacturing, Co.","description":"Food truck manufacturer in Los Angeles California, USA","publisher":{"@id":"https:\/\/kareemcarts.com\/cart\/#organization"},"potentialAction":[{"@type":"SearchAction","target":{"@type":"EntryPoint","urlTemplate":"https:\/\/kareemcarts.com\/cart\/?s={search_term_string}"},"query-input":{"@type":"PropertyValueSpecification","valueRequired":true,"valueName":"search_term_string"}}],"inLanguage":"en-US"},{"@type":"Organization","@id":"https:\/\/kareemcarts.com\/cart\/#organization","name":"Kareem Carts Manufacturing & Commissary","url":"https:\/\/kareemcarts.com\/cart\/","logo":{"@type":"ImageObject","inLanguage":"en-US","@id":"https:\/\/kareemcarts.com\/cart\/#\/schema\/logo\/image\/","url":"https:\/\/i1.wp.com\/kareemcarts.com\/cart\/wp-content\/uploads\/2014\/10\/transparent-small-logo.png?fit=150%2C40&ssl=1","contentUrl":"https:\/\/i1.wp.com\/kareemcarts.com\/cart\/wp-content\/uploads\/2014\/10\/transparent-small-logo.png?fit=150%2C40&ssl=1","width":150,"height":40,"caption":"Kareem Carts Manufacturing & Commissary"},"image":{"@id":"https:\/\/kareemcarts.com\/cart\/#\/schema\/logo\/image\/"},"sameAs":["https:\/\/www.facebook.com\/kareemcart","https:\/\/x.com\/kareemcarts","https:\/\/www.youtube.com\/user\/kareemcarts"]}]}},"jetpack_shortlink":"https:\/\/wp.me\/P2NQYV-aR","jetpack_sharing_enabled":true,"_links":{"self":[{"href":"https:\/\/kareemcarts.com\/cart\/wp-json\/wp\/v2\/pages\/673","targetHints":{"allow":["GET"]}}],"collection":[{"href":"https:\/\/kareemcarts.com\/cart\/wp-json\/wp\/v2\/pages"}],"about":[{"href":"https:\/\/kareemcarts.com\/cart\/wp-json\/wp\/v2\/types\/page"}],"author":[{"embeddable":true,"href":"https:\/\/kareemcarts.com\/cart\/wp-json\/wp\/v2\/users\/1"}],"replies":[{"embeddable":true,"href":"https:\/\/kareemcarts.com\/cart\/wp-json\/wp\/v2\/comments?post=673"}],"version-history":[{"count":0,"href":"https:\/\/kareemcarts.com\/cart\/wp-json\/wp\/v2\/pages\/673\/revisions"}],"wp:featuredmedia":[{"embeddable":true,"href":"https:\/\/kareemcarts.com\/cart\/wp-json\/wp\/v2\/media\/749"}],"wp:attachment":[{"href":"https:\/\/kareemcarts.com\/cart\/wp-json\/wp\/v2\/media?parent=673"}],"curies":[{"name":"wp","href":"https:\/\/api.w.org\/{rel}","templated":true}]}}